{"id":1027,"date":"2024-08-07T13:25:19","date_gmt":"2024-08-07T13:25:19","guid":{"rendered":"https:\/\/safyfalafel.ca\/blog\/"},"modified":"2025-01-27T14:10:50","modified_gmt":"2025-01-27T14:10:50","slug":"blog","status":"publish","type":"page","link":"https:\/\/safyfalafel.ca\/fr\/blog\/","title":{"rendered":"Blog"},"content":{"rendered":"<p><div class=\"fusion-fullwidth fullwidth-box fusion-builder-row-1 fusion-flex-container has-pattern-background has-mask-background fusion-parallax-none nonhundred-percent-fullwidth non-hundred-percent-height-scrolling\" style=\"--awb-border-radius-top-left:0px;--awb-border-radius-top-right:0px;--awb-border-radius-bottom-right:0px;--awb-border-radius-bottom-left:0px;--awb-min-height:70vh;--awb-min-height-medium:50vh;--awb-min-height-small:30vh;--awb-background-image:url(&quot;https:\/\/safyfalafel.ca\/wp-content\/uploads\/2024\/08\/Banner-2.png&quot;);--awb-background-size:cover;--awb-flex-wrap:wrap;\" ><div class=\"fusion-builder-row fusion-row fusion-flex-align-items-center fusion-flex-justify-content-center fusion-flex-content-wrap\" style=\"max-width:1248px;margin-left: calc(-4% \/ 2 );margin-right: calc(-4% \/ 2 );\"><div class=\"fusion-layout-column fusion_builder_column fusion-builder-column-0 fusion_builder_column_1_1 1_1 fusion-flex-column\" style=\"--awb-bg-size:cover;--awb-width-large:100%;--awb-margin-top-large:0px;--awb-spacing-right-large:1.92%;--awb-margin-bottom-large:20px;--awb-spacing-left-large:1.92%;--awb-width-medium:100%;--awb-order-medium:0;--awb-spacing-right-medium:1.92%;--awb-spacing-left-medium:1.92%;--awb-width-small:100%;--awb-order-small:0;--awb-spacing-right-small:1.92%;--awb-spacing-left-small:1.92%;\"><div class=\"fusion-column-wrapper fusion-column-has-shadow fusion-flex-justify-content-flex-start fusion-content-layout-column\"><div class=\"fusion-title title fusion-title-1 fusion-sep-none fusion-title-text fusion-title-size-one\" style=\"--awb-text-color:var(--awb-color1);\"><h1 class=\"fusion-title-heading title-heading-left fusion-responsive-typography-calculated\" style=\"font-family:&quot;Lobster&quot;;font-style:normal;font-weight:400;margin:0;--fontSize:80;line-height:1.13;\">Blog<\/h1><\/div><nav class=\"fusion-breadcrumbs fusion-breadcrumbs-1\" style=\"--awb-text-color:var(--awb-color1);--awb-breadcrumb-sep:&#039;\/&#039;;\" aria-label=\"Breadcrumb\"><ol class=\"awb-breadcrumb-list\"><\/ol><\/nav><\/div><\/div><\/div><\/div><div class=\"fusion-fullwidth fullwidth-box fusion-builder-row-2 fusion-flex-container has-pattern-background has-mask-background nonhundred-percent-fullwidth non-hundred-percent-height-scrolling\" style=\"--awb-border-radius-top-left:0px;--awb-border-radius-top-right:0px;--awb-border-radius-bottom-right:0px;--awb-border-radius-bottom-left:0px;--awb-padding-top:72px;--awb-padding-bottom:72px;--awb-padding-top-small:40px;--awb-padding-bottom-small:40px;--awb-flex-wrap:wrap;\" ><div class=\"fusion-builder-row fusion-row fusion-flex-align-items-center fusion-flex-justify-content-center fusion-flex-content-wrap\" style=\"max-width:1248px;margin-left: calc(-4% \/ 2 );margin-right: calc(-4% \/ 2 );\"><div class=\"fusion-layout-column fusion_builder_column fusion-builder-column-1 fusion_builder_column_2_5 2_5 fusion-flex-column\" style=\"--awb-bg-size:cover;--awb-width-large:40%;--awb-margin-top-large:0px;--awb-spacing-right-large:4.8%;--awb-margin-bottom-large:20px;--awb-spacing-left-large:4.8%;--awb-width-medium:66.666666666667%;--awb-order-medium:0;--awb-spacing-right-medium:2.88%;--awb-spacing-left-medium:2.88%;--awb-width-small:100%;--awb-order-small:0;--awb-spacing-right-small:1.92%;--awb-spacing-left-small:1.92%;\"><div class=\"fusion-column-wrapper fusion-column-has-shadow fusion-flex-justify-content-flex-start fusion-content-layout-column\"><div class=\"fusion-title title fusion-title-2 fusion-sep-none fusion-title-center fusion-title-text fusion-title-size-six\" style=\"--awb-text-color:var(--awb-custom_color_2);--awb-margin-bottom:0px;\"><h6 class=\"fusion-title-heading title-heading-center fusion-responsive-typography-calculated\" style=\"margin:0;--fontSize:18;--minFontSize:18;line-height:var(--awb-typography1-line-height);\">Notre Categories<\/h6><\/div><div class=\"fusion-title title fusion-title-3 fusion-sep-none fusion-title-center fusion-title-text fusion-title-size-three\"><h3 class=\"fusion-title-heading title-heading-center fusion-responsive-typography-calculated\" style=\"margin:0;--fontSize:40;line-height:var(--awb-typography1-line-height);\">Histoires Culinaires <span style=\"color: var(--awb-custom_color_15);\">et Recettes<\/span><\/p><\/h3><\/div><div class=\"fusion-text fusion-text-1\" style=\"--awb-content-alignment:center;\"><p>Ici, vous pouvez explorer une collection de nos articles, remplis de recettes d\u00e9licieuses, de conseils de cuisine et d'histoires sur l'histoire du falafel.<\/p>\n<\/div><\/div><\/div><div class=\"fusion-layout-column fusion_builder_column fusion-builder-column-2 fusion_builder_column_1_1 1_1 fusion-flex-column\" style=\"--awb-bg-size:cover;--awb-width-large:100%;--awb-margin-top-large:0px;--awb-spacing-right-large:1.92%;--awb-margin-bottom-large:20px;--awb-spacing-left-large:1.92%;--awb-width-medium:100%;--awb-order-medium:0;--awb-spacing-right-medium:1.92%;--awb-spacing-left-medium:1.92%;--awb-width-small:100%;--awb-order-small:0;--awb-spacing-right-small:1.92%;--awb-spacing-left-small:1.92%;\"><div class=\"fusion-column-wrapper fusion-column-has-shadow fusion-flex-justify-content-flex-start fusion-content-layout-column\"><div class=\"fusion-separator fusion-full-width-sep\" style=\"align-self: center;margin-left: auto;margin-right: auto;margin-top:20px;margin-bottom:20px;width:100%;\"><\/div><div class=\"fusion-recent-posts fusion-recent-posts-1 avada-container layout-default layout-columns-3 fusion-recent-posts-infinite\" data-pages=\"1\"><section class=\"fusion-columns columns fusion-columns-3 columns-3\"><article class=\"post fusion-column column col col-lg-4 col-md-4 col-sm-4\"><div class=\"fusion-flexslider fusion-flexslider-loading flexslider flexslider-hover-type-none\"><ul class=\"slides\"><li><a href=\"https:\/\/safyfalafel.ca\/fr\/de-homs-a-lasalle-lhistoire-du-meilleur-falafel-de-montreal\/\" aria-label=\"De Homs \u00e0 LaSalle : L\u2019histoire du meilleur falafel de Montr\u00e9al\" class=\"hover-type-none\"><img decoding=\"async\" width=\"1600\" height=\"800\" src=\"https:\/\/safyfalafel.ca\/wp-content\/uploads\/2026\/01\/Discover-the-Flavorful-Heart-of-Syrian-Cuisine.png\" class=\"attachment-full size-full\" alt=\"\" srcset=\"https:\/\/safyfalafel.ca\/wp-content\/uploads\/2026\/01\/Discover-the-Flavorful-Heart-of-Syrian-Cuisine-200x100.png 200w, https:\/\/safyfalafel.ca\/wp-content\/uploads\/2026\/01\/Discover-the-Flavorful-Heart-of-Syrian-Cuisine-400x200.png 400w, https:\/\/safyfalafel.ca\/wp-content\/uploads\/2026\/01\/Discover-the-Flavorful-Heart-of-Syrian-Cuisine-600x300.png 600w, https:\/\/safyfalafel.ca\/wp-content\/uploads\/2026\/01\/Discover-the-Flavorful-Heart-of-Syrian-Cuisine-800x400.png 800w, https:\/\/safyfalafel.ca\/wp-content\/uploads\/2026\/01\/Discover-the-Flavorful-Heart-of-Syrian-Cuisine-1200x600.png 1200w, https:\/\/safyfalafel.ca\/wp-content\/uploads\/2026\/01\/Discover-the-Flavorful-Heart-of-Syrian-Cuisine.png 1600w\" sizes=\"(min-width: 2200px) 100vw, (min-width: 784px) 380px, (min-width: 712px) 570px, (min-width: 640px) 712px, \" \/><\/a><\/li><\/ul><\/div><div class=\"recent-posts-content\"><span class=\"vcard\" style=\"display: none;\"><span class=\"fn\"><a href=\"https:\/\/safyfalafel.ca\/fr\/author\/lamess\/\" title=\"Articles par Lamees\" rel=\"author\">Lamees<\/a><\/span><\/span><span class=\"updated\" style=\"display:none;\">2026-01-28T02:03:40+00:00<\/span><h5 class=\"entry-title\"><a href=\"https:\/\/safyfalafel.ca\/fr\/de-homs-a-lasalle-lhistoire-du-meilleur-falafel-de-montreal\/\">De Homs \u00e0 LaSalle : L\u2019histoire du meilleur falafel de Montr\u00e9al<\/a><\/h5><p>Quand vous entrez chez Safy Falafel, ce n\u2019est pas qu\u2019un simple restaurant. C\u2019est un lieu o\u00f9 les souvenirs de la ville de Homs prennent vie \u00e0 travers chaque assiette de falafel, chaque bol de fatteh, et chaque sandwich roul\u00e9 avec soin.<\/p><\/div><\/article><article class=\"post fusion-column column col col-lg-4 col-md-4 col-sm-4\"><div class=\"fusion-flexslider fusion-flexslider-loading flexslider flexslider-hover-type-none\"><ul class=\"slides\"><li><a href=\"https:\/\/safyfalafel.ca\/fr\/votre-authentique-falafel-syrien-a-lasalle-montreal\/\" aria-label=\"Votre authentique falafel syrien \u00e0 LaSalle (Montr\u00e9al)\" class=\"hover-type-none\"><img decoding=\"async\" width=\"1600\" height=\"800\" src=\"https:\/\/safyfalafel.ca\/wp-content\/uploads\/2025\/08\/Discover-the-Flavorful-Heart-of-Syrian-Cuisine.png\" class=\"attachment-full size-full\" alt=\"\" srcset=\"https:\/\/safyfalafel.ca\/wp-content\/uploads\/2025\/08\/Discover-the-Flavorful-Heart-of-Syrian-Cuisine-200x100.png 200w, https:\/\/safyfalafel.ca\/wp-content\/uploads\/2025\/08\/Discover-the-Flavorful-Heart-of-Syrian-Cuisine-400x200.png 400w, https:\/\/safyfalafel.ca\/wp-content\/uploads\/2025\/08\/Discover-the-Flavorful-Heart-of-Syrian-Cuisine-600x300.png 600w, https:\/\/safyfalafel.ca\/wp-content\/uploads\/2025\/08\/Discover-the-Flavorful-Heart-of-Syrian-Cuisine-800x400.png 800w, https:\/\/safyfalafel.ca\/wp-content\/uploads\/2025\/08\/Discover-the-Flavorful-Heart-of-Syrian-Cuisine-1200x600.png 1200w, https:\/\/safyfalafel.ca\/wp-content\/uploads\/2025\/08\/Discover-the-Flavorful-Heart-of-Syrian-Cuisine.png 1600w\" sizes=\"(min-width: 2200px) 100vw, (min-width: 784px) 380px, (min-width: 712px) 570px, (min-width: 640px) 712px, \" \/><\/a><\/li><\/ul><\/div><div class=\"recent-posts-content\"><span class=\"vcard\" style=\"display: none;\"><span class=\"fn\"><a href=\"https:\/\/safyfalafel.ca\/fr\/author\/lamess\/\" title=\"Articles par Lamees\" rel=\"author\">Lamees<\/a><\/span><\/span><span class=\"updated\" style=\"display:none;\">2026-01-28T01:14:12+00:00<\/span><h5 class=\"entry-title\"><a href=\"https:\/\/safyfalafel.ca\/fr\/votre-authentique-falafel-syrien-a-lasalle-montreal\/\">Votre authentique falafel syrien \u00e0 LaSalle (Montr\u00e9al)<\/a><\/h5><p>Bienvenue chez Safy Falafel, votre adresse incontournable pour savourer des falafels aux ar\u00f4mes d\u00e9licats et des plats traditionnels syriens au c\u0153ur de LaSalle, Montr\u00e9al. R\u00e9veillez vos papilles avec nos falafels dor\u00e9s, notre hummus fatteh r\u00e9confortant ou nos manakish faits maison \u2014 une vraie escapade gourmande, empreinte de chaleur et d\u2019hospitalit\u00e9.<\/p><\/div><\/article><article class=\"post fusion-column column col col-lg-4 col-md-4 col-sm-4\"><div class=\"fusion-flexslider fusion-flexslider-loading flexslider flexslider-hover-type-none\"><ul class=\"slides\"><li><a href=\"https:\/\/safyfalafel.ca\/fr\/un-joyau-cache-pour-la-cuisine-du-moyen-orient-a-montreal\/\" aria-label=\"Un joyau cach\u00e9 pour la cuisine du Moyen-Orient \u00e0 Montr\u00e9al\" class=\"hover-type-none\"><img decoding=\"async\" width=\"1600\" height=\"800\" src=\"https:\/\/safyfalafel.ca\/wp-content\/uploads\/2024\/12\/image.png\" class=\"attachment-full size-full\" alt=\"\" srcset=\"https:\/\/safyfalafel.ca\/wp-content\/uploads\/2024\/12\/image-200x100.png 200w, https:\/\/safyfalafel.ca\/wp-content\/uploads\/2024\/12\/image-400x200.png 400w, https:\/\/safyfalafel.ca\/wp-content\/uploads\/2024\/12\/image-600x300.png 600w, https:\/\/safyfalafel.ca\/wp-content\/uploads\/2024\/12\/image-800x400.png 800w, https:\/\/safyfalafel.ca\/wp-content\/uploads\/2024\/12\/image-1200x600.png 1200w, https:\/\/safyfalafel.ca\/wp-content\/uploads\/2024\/12\/image.png 1600w\" sizes=\"(min-width: 2200px) 100vw, (min-width: 784px) 380px, (min-width: 712px) 570px, (min-width: 640px) 712px, \" \/><\/a><\/li><\/ul><\/div><div class=\"recent-posts-content\"><span class=\"vcard\" style=\"display: none;\"><span class=\"fn\"><a href=\"https:\/\/safyfalafel.ca\/fr\/author\/lamess\/\" title=\"Articles par Lamees\" rel=\"author\">Lamees<\/a><\/span><\/span><span class=\"updated\" style=\"display:none;\">2026-01-28T01:12:35+00:00<\/span><h5 class=\"entry-title\"><a href=\"https:\/\/safyfalafel.ca\/fr\/un-joyau-cache-pour-la-cuisine-du-moyen-orient-a-montreal\/\">Un joyau cach\u00e9 pour la cuisine du Moyen-Orient \u00e0 Montr\u00e9al<\/a><\/h5><p>Dans les rues anim\u00e9es de Montr\u00e9al, o\u00f9 chaque coin peut r\u00e9v\u00e9ler des tr\u00e9sors culinaires, Safy Falafel se distingue comme une destination incontournable pour les amateurs de cuisine moyen-orientale. Avec son charme familial et son menu riche en traditions syriennes et libanaises, Safy Falafel est rapidement devenu l'un des restaurants les plus appr\u00e9ci\u00e9s de la ville. Ses saveurs vibrantes, son ambiance chaleureuse et ses avis clients \u00e9logieux en font un lieu irr\u00e9sistible pour les gourmets en qu\u00eate de plats authentiques et de qualit\u00e9.<\/p><\/div><\/article><article class=\"post fusion-column column col col-lg-4 col-md-4 col-sm-4\"><div class=\"fusion-flexslider fusion-flexslider-loading flexslider flexslider-hover-type-none\"><ul class=\"slides\"><li><a href=\"https:\/\/safyfalafel.ca\/fr\/lhistoire-du-falafel-des-temps-anciens-aux-delices-modernes\/\" aria-label=\"L\u2019Histoire du Falafel : Des Temps Anciens aux D\u00e9lices Modernes\" class=\"hover-type-none\"><img decoding=\"async\" width=\"1600\" height=\"942\" src=\"https:\/\/safyfalafel.ca\/wp-content\/uploads\/2024\/08\/Rectangle-48.png\" class=\"attachment-full size-full\" alt=\"\" srcset=\"https:\/\/safyfalafel.ca\/wp-content\/uploads\/2024\/08\/Rectangle-48-200x118.png 200w, https:\/\/safyfalafel.ca\/wp-content\/uploads\/2024\/08\/Rectangle-48-400x236.png 400w, https:\/\/safyfalafel.ca\/wp-content\/uploads\/2024\/08\/Rectangle-48-600x353.png 600w, https:\/\/safyfalafel.ca\/wp-content\/uploads\/2024\/08\/Rectangle-48-800x471.png 800w, https:\/\/safyfalafel.ca\/wp-content\/uploads\/2024\/08\/Rectangle-48-1200x707.png 1200w, https:\/\/safyfalafel.ca\/wp-content\/uploads\/2024\/08\/Rectangle-48.png 1600w\" sizes=\"(min-width: 2200px) 100vw, (min-width: 784px) 380px, (min-width: 712px) 570px, (min-width: 640px) 712px, \" \/><\/a><\/li><\/ul><\/div><div class=\"recent-posts-content\"><span class=\"vcard\" style=\"display: none;\"><span class=\"fn\"><a href=\"https:\/\/safyfalafel.ca\/fr\/author\/safyfalafel\/\" title=\"Articles par safyfalafel\" rel=\"author\">safyfalafel<\/a><\/span><\/span><span class=\"updated\" style=\"display:none;\">2024-09-08T21:16:32+00:00<\/span><h5 class=\"entry-title\"><a href=\"https:\/\/safyfalafel.ca\/fr\/lhistoire-du-falafel-des-temps-anciens-aux-delices-modernes\/\">L\u2019Histoire du Falafel : Des Temps Anciens aux D\u00e9lices Modernes<\/a><\/h5><p>On croit que le falafel est n\u00e9 dans l'\u00c9gypte ancienne, o\u00f9 les f\u00e8ves \u00e9taient l'ingr\u00e9dient principal. Le falafel \u00e9tait consid\u00e9r\u00e9 comme un aliment pour les pauvres...<\/p><\/div><\/article><\/section><\/div><\/div><\/div><\/div><\/div><\/p>\n","protected":false},"excerpt":{"rendered":"","protected":false},"author":2,"featured_media":0,"parent":0,"menu_order":0,"comment_status":"closed","ping_status":"closed","template":"100-width.php","meta":{"footnotes":""},"class_list":["post-1027","page","type-page","status-publish","hentry"],"_links":{"self":[{"href":"https:\/\/safyfalafel.ca\/fr\/wp-json\/wp\/v2\/pages\/1027","targetHints":{"allow":["GET"]}}],"collection":[{"href":"https:\/\/safyfalafel.ca\/fr\/wp-json\/wp\/v2\/pages"}],"about":[{"href":"https:\/\/safyfalafel.ca\/fr\/wp-json\/wp\/v2\/types\/page"}],"author":[{"embeddable":true,"href":"https:\/\/safyfalafel.ca\/fr\/wp-json\/wp\/v2\/users\/2"}],"replies":[{"embeddable":true,"href":"https:\/\/safyfalafel.ca\/fr\/wp-json\/wp\/v2\/comments?post=1027"}],"version-history":[{"count":0,"href":"https:\/\/safyfalafel.ca\/fr\/wp-json\/wp\/v2\/pages\/1027\/revisions"}],"wp:attachment":[{"href":"https:\/\/safyfalafel.ca\/fr\/wp-json\/wp\/v2\/media?parent=1027"}],"curies":[{"name":"wp","href":"https:\/\/api.w.org\/{rel}","templated":true}]}}