{"id":1015,"date":"2024-08-07T18:32:34","date_gmt":"2024-08-07T18:32:34","guid":{"rendered":"https:\/\/safyfalafel.ca\/product\/omelette-a-la-viande-en-cubes-2-oeufs-assaisonnee\/"},"modified":"2024-09-08T21:30:01","modified_gmt":"2024-09-08T21:30:01","slug":"omelette-a-la-viande-en-cubes-2-oeufs-assaisonnee","status":"publish","type":"product","link":"https:\/\/safyfalafel.ca\/fr\/product\/omelette-a-la-viande-en-cubes-2-oeufs-assaisonnee\/","title":{"rendered":"Omelette \u00e0 la viande en cubes (2 \u0153ufs) (assaisonn\u00e9e)"},"content":{"rendered":"","protected":false},"excerpt":{"rendered":"","protected":false},"featured_media":899,"comment_status":"open","ping_status":"closed","template":"","meta":[],"product_brand":[],"product_cat":[45],"product_tag":[],"class_list":{"0":"post-1015","1":"product","2":"type-product","3":"status-publish","4":"has-post-thumbnail","6":"product_cat-omelette-aux-oeufs","8":"first","9":"instock","10":"shipping-taxable","11":"purchasable","12":"product-type-simple"},"_links":{"self":[{"href":"https:\/\/safyfalafel.ca\/fr\/wp-json\/wp\/v2\/product\/1015","targetHints":{"allow":["GET"]}}],"collection":[{"href":"https:\/\/safyfalafel.ca\/fr\/wp-json\/wp\/v2\/product"}],"about":[{"href":"https:\/\/safyfalafel.ca\/fr\/wp-json\/wp\/v2\/types\/product"}],"replies":[{"embeddable":true,"href":"https:\/\/safyfalafel.ca\/fr\/wp-json\/wp\/v2\/comments?post=1015"}],"wp:featuredmedia":[{"embeddable":true,"href":"https:\/\/safyfalafel.ca\/fr\/wp-json\/wp\/v2\/media\/899"}],"wp:attachment":[{"href":"https:\/\/safyfalafel.ca\/fr\/wp-json\/wp\/v2\/media?parent=1015"}],"wp:term":[{"taxonomy":"product_brand","embeddable":true,"href":"https:\/\/safyfalafel.ca\/fr\/wp-json\/wp\/v2\/product_brand?post=1015"},{"taxonomy":"product_cat","embeddable":true,"href":"https:\/\/safyfalafel.ca\/fr\/wp-json\/wp\/v2\/product_cat?post=1015"},{"taxonomy":"product_tag","embeddable":true,"href":"https:\/\/safyfalafel.ca\/fr\/wp-json\/wp\/v2\/product_tag?post=1015"}],"curies":[{"name":"wp","href":"https:\/\/api.w.org\/{rel}","templated":true}]}}