{"id":1092,"date":"2024-08-07T18:22:21","date_gmt":"2024-08-07T18:22:21","guid":{"rendered":"https:\/\/safyfalafel.ca\/product\/oeufs-au-plat-avec-viande-en-cubes-2-oeufs-assaisonnes\/"},"modified":"2024-08-07T18:22:21","modified_gmt":"2024-08-07T18:22:21","slug":"oeufs-au-plat-avec-viande-en-cubes-2-oeufs-assaisonnes","status":"publish","type":"product","link":"https:\/\/safyfalafel.ca\/fr\/product\/oeufs-au-plat-avec-viande-en-cubes-2-oeufs-assaisonnes\/","title":{"rendered":"\u0152ufs au plat avec viande en cubes (2 \u0153ufs) (assaisonn\u00e9s)"},"content":{"rendered":"","protected":false},"excerpt":{"rendered":"","protected":false},"featured_media":879,"comment_status":"open","ping_status":"closed","template":"","meta":[],"product_brand":[],"product_cat":[47],"product_tag":[],"class_list":{"0":"post-1092","1":"product","2":"type-product","3":"status-publish","4":"has-post-thumbnail","6":"product_cat-oeufs-au-plat","8":"first","9":"instock","10":"shipping-taxable","11":"purchasable","12":"product-type-simple"},"_links":{"self":[{"href":"https:\/\/safyfalafel.ca\/fr\/wp-json\/wp\/v2\/product\/1092","targetHints":{"allow":["GET"]}}],"collection":[{"href":"https:\/\/safyfalafel.ca\/fr\/wp-json\/wp\/v2\/product"}],"about":[{"href":"https:\/\/safyfalafel.ca\/fr\/wp-json\/wp\/v2\/types\/product"}],"replies":[{"embeddable":true,"href":"https:\/\/safyfalafel.ca\/fr\/wp-json\/wp\/v2\/comments?post=1092"}],"wp:featuredmedia":[{"embeddable":true,"href":"https:\/\/safyfalafel.ca\/fr\/wp-json\/wp\/v2\/media\/879"}],"wp:attachment":[{"href":"https:\/\/safyfalafel.ca\/fr\/wp-json\/wp\/v2\/media?parent=1092"}],"wp:term":[{"taxonomy":"product_brand","embeddable":true,"href":"https:\/\/safyfalafel.ca\/fr\/wp-json\/wp\/v2\/product_brand?post=1092"},{"taxonomy":"product_cat","embeddable":true,"href":"https:\/\/safyfalafel.ca\/fr\/wp-json\/wp\/v2\/product_cat?post=1092"},{"taxonomy":"product_tag","embeddable":true,"href":"https:\/\/safyfalafel.ca\/fr\/wp-json\/wp\/v2\/product_tag?post=1092"}],"curies":[{"name":"wp","href":"https:\/\/api.w.org\/{rel}","templated":true}]}}