{"id":1149,"date":"2024-08-07T18:11:52","date_gmt":"2024-08-07T18:11:52","guid":{"rendered":"https:\/\/safyfalafel.ca\/product\/oeufs-brouilles-avec-viande-hachee-2-oeufs\/"},"modified":"2024-08-07T18:11:52","modified_gmt":"2024-08-07T18:11:52","slug":"oeufs-brouilles-avec-viande-hachee-2-oeufs","status":"publish","type":"product","link":"https:\/\/safyfalafel.ca\/fr\/product\/oeufs-brouilles-avec-viande-hachee-2-oeufs\/","title":{"rendered":"\u0152ufs brouill\u00e9s avec viande hach\u00e9e (2 \u0153ufs)"},"content":{"rendered":"","protected":false},"excerpt":{"rendered":"","protected":false},"featured_media":870,"comment_status":"open","ping_status":"closed","template":"","meta":[],"product_brand":[],"product_cat":[58],"product_tag":[],"class_list":{"0":"post-1149","1":"product","2":"type-product","3":"status-publish","4":"has-post-thumbnail","6":"product_cat-oeufs-brouilles","8":"first","9":"instock","10":"shipping-taxable","11":"purchasable","12":"product-type-simple"},"_links":{"self":[{"href":"https:\/\/safyfalafel.ca\/fr\/wp-json\/wp\/v2\/product\/1149","targetHints":{"allow":["GET"]}}],"collection":[{"href":"https:\/\/safyfalafel.ca\/fr\/wp-json\/wp\/v2\/product"}],"about":[{"href":"https:\/\/safyfalafel.ca\/fr\/wp-json\/wp\/v2\/types\/product"}],"replies":[{"embeddable":true,"href":"https:\/\/safyfalafel.ca\/fr\/wp-json\/wp\/v2\/comments?post=1149"}],"wp:featuredmedia":[{"embeddable":true,"href":"https:\/\/safyfalafel.ca\/fr\/wp-json\/wp\/v2\/media\/870"}],"wp:attachment":[{"href":"https:\/\/safyfalafel.ca\/fr\/wp-json\/wp\/v2\/media?parent=1149"}],"wp:term":[{"taxonomy":"product_brand","embeddable":true,"href":"https:\/\/safyfalafel.ca\/fr\/wp-json\/wp\/v2\/product_brand?post=1149"},{"taxonomy":"product_cat","embeddable":true,"href":"https:\/\/safyfalafel.ca\/fr\/wp-json\/wp\/v2\/product_cat?post=1149"},{"taxonomy":"product_tag","embeddable":true,"href":"https:\/\/safyfalafel.ca\/fr\/wp-json\/wp\/v2\/product_tag?post=1149"}],"curies":[{"name":"wp","href":"https:\/\/api.w.org\/{rel}","templated":true}]}}